{"id":137,"date":"2018-12-27T11:18:01","date_gmt":"2018-12-27T10:18:01","guid":{"rendered":"https:\/\/125-oberschule.de\/?page_id=137"},"modified":"2026-04-02T16:38:56","modified_gmt":"2026-04-02T14:38:56","slug":"schulleitung","status":"publish","type":"page","link":"https:\/\/125-oberschule.de\/?page_id=137","title":{"rendered":"Ansprechpartner Schule"},"content":{"rendered":"\n<p class=\"has-pale-cyan-blue-color has-text-color has-medium-font-size\"><\/p>\n\n\n\n<p><strong>Schulleiterin: <\/strong>Frau Killian<\/p>\n\n\n\n<p><strong>Stellvertretender Schulleiter: <\/strong>Herr Walther<\/p>\n\n\n\n<p><strong>Schulsachbearbeiterin:<\/strong> Frau Wiltzsch<\/p>\n\n\n\n<p><strong>Berufsberatung:<\/strong>  Frau Moritz<\/p>\n\n\n\n<p><strong>Vertrauenslehrer<\/strong>: Frau Saburdajew<\/p>\n\n\n\n<p><strong>Beratungslehrer:<\/strong>  Frau Geidel<\/p>\n\n\n\n<p><strong>Sprach- und Integrationsmittler f\u00fcr Arabisch und Franz\u00f6sisch:<\/strong> Herr Ben Torkia<\/p>\n\n\n\n<p><strong>Mobile Endger\u00e4te\/Website:<\/strong> Herr Walther<\/p>\n\n\n\n<p><strong>GanzTagesAngebot\/PiTKo\/Schlie\u00dff\u00e4cher:<\/strong> Herr Becker<\/p>\n\n\n\n<p><strong>Anschrift: <\/strong>125. Schule- Oberschule der Stadt Leipzig Heinrichstr. 45 04317 Leipzig<strong> <\/strong><\/p>\n\n\n\n<p><strong>Telefon:  <\/strong>0341\/649330 <\/p>\n\n\n\n<p><strong>E- Mail:<\/strong> info [at] 125-oberschule.de<\/p>\n","protected":false},"excerpt":{"rendered":"<p>Schulleiterin: Frau Killian Stellvertretender Schulleiter: Herr Walther Schulsachbearbeiterin: Frau Wiltzsch Berufsberatung: Frau Moritz Vertrauenslehrer: Frau Saburdajew Beratungslehrer: Frau Geidel Sprach- und Integrationsmittler f\u00fcr Arabisch und Franz\u00f6sisch: Herr Ben Torkia Mobile Endger\u00e4te\/Website: Herr Walther GanzTagesAngebot\/PiTKo\/Schlie\u00dff\u00e4cher: Herr Becker Anschrift: 125. Schule- Oberschule der Stadt Leipzig Heinrichstr. 45 04317 Leipzig Telefon: 0341\/649330 E- Mail: info [at] 125-oberschule.de<\/p>\n","protected":false},"author":1,"featured_media":0,"parent":0,"menu_order":0,"comment_status":"closed","ping_status":"closed","template":"","meta":{"_eb_attr":"","om_disable_all_campaigns":false,"footnotes":""},"class_list":["post-137","page","type-page","status-publish","hentry"],"_links":{"self":[{"href":"https:\/\/125-oberschule.de\/index.php?rest_route=\/wp\/v2\/pages\/137","targetHints":{"allow":["GET"]}}],"collection":[{"href":"https:\/\/125-oberschule.de\/index.php?rest_route=\/wp\/v2\/pages"}],"about":[{"href":"https:\/\/125-oberschule.de\/index.php?rest_route=\/wp\/v2\/types\/page"}],"author":[{"embeddable":true,"href":"https:\/\/125-oberschule.de\/index.php?rest_route=\/wp\/v2\/users\/1"}],"replies":[{"embeddable":true,"href":"https:\/\/125-oberschule.de\/index.php?rest_route=%2Fwp%2Fv2%2Fcomments&post=137"}],"version-history":[{"count":35,"href":"https:\/\/125-oberschule.de\/index.php?rest_route=\/wp\/v2\/pages\/137\/revisions"}],"predecessor-version":[{"id":9854,"href":"https:\/\/125-oberschule.de\/index.php?rest_route=\/wp\/v2\/pages\/137\/revisions\/9854"}],"wp:attachment":[{"href":"https:\/\/125-oberschule.de\/index.php?rest_route=%2Fwp%2Fv2%2Fmedia&parent=137"}],"curies":[{"name":"wp","href":"https:\/\/api.w.org\/{rel}","templated":true}]}}