{"id":161,"date":"2018-12-29T18:21:10","date_gmt":"2018-12-29T17:21:10","guid":{"rendered":"https:\/\/125-oberschule.de\/?page_id=161"},"modified":"2023-07-22T09:56:24","modified_gmt":"2023-07-22T07:56:24","slug":"potentialanalyse","status":"publish","type":"page","link":"https:\/\/125-oberschule.de\/?page_id=161","title":{"rendered":"Der Weg zum Beruf"},"content":{"rendered":"\n<p>Einen \u00dcberblick \u00fcber die Berufsberatung vermittelt die  interaktive Grafik.  F\u00fcr Fragen rund um die Berufswahl bestehen in diesem Schuljahr folgende Ansprechpartner im Haus:<\/p>\n\n\n\n<figure><iframe loading=\"lazy\" width=\"1024\" height=\"768\" src=\"\/\/www.thinglink.com\/card\/961695205872893955\" allowfullscreen=\"\"><\/iframe><\/figure>\n\n\n\n<p class=\"has-small-font-size\">Text und Grafik by HW<\/p>\n\n\n\n<p><strong>Frau <\/strong>wb- Berufseintiegsbegleiterin  (vorrangig f\u00fcr Sch\u00fcler im Hauptschulbildungsgang)<\/p>\n\n\n\n<p><strong>Herr Unger<\/strong> &#8211; Agentur f\u00fcr Arbeit  (regelm\u00e4\u00dfige Sprechstunde im Haus)<\/p>\n\n\n\n<p><strong>Frau <\/strong><span><b>Moritz<\/b><\/span>&#8211; Berufsberatungslehrerin<\/p>\n\n\n\n<p><strong><b>F<\/b>rau<\/strong> <strong>Richter<\/strong>&#8211; Praxisberaterin   <\/p>\n\n\n\n<p>Die Arbeit der Berufsorientierung  unserer Sch\u00fcler wird freundlich unterst\u00fctzt von:<\/p>\n\n\n<div class=\"wp-block-image\">\n<figure class=\"aligncenter is-resized\"><a href=\"https:\/\/www.aok.de\" target=\"_blank\" rel=\"noreferrer noopener\"><img loading=\"lazy\" decoding=\"async\" src=\"https:\/\/125-oberschule.de\/wp-content\/uploads\/2019\/08\/AOK_PLUS_Insel_2_4c.jpg\" alt=\"Der Weg zum Beruf\" class=\"wp-image-1150\" width=\"400\" height=\"112\" srcset=\"https:\/\/125-oberschule.de\/wp-content\/uploads\/2019\/08\/AOK_PLUS_Insel_2_4c.jpg 400w, https:\/\/125-oberschule.de\/wp-content\/uploads\/2019\/08\/AOK_PLUS_Insel_2_4c-300x84.jpg 300w\" sizes=\"auto, (max-width: 400px) 100vw, 400px\" \/><\/a><\/figure>\n<\/div>\n\n\n<p><\/p>\n","protected":false},"excerpt":{"rendered":"<p>Einen \u00dcberblick \u00fcber die Berufsberatung vermittelt die interaktive Grafik. F\u00fcr Fragen rund um die Berufswahl bestehen in diesem Schuljahr folgende Ansprechpartner im Haus: Text und Grafik by HW Frau wb- Berufseintiegsbegleiterin (vorrangig f\u00fcr Sch\u00fcler im Hauptschulbildungsgang) Herr Unger &#8211; Agentur f\u00fcr Arbeit (regelm\u00e4\u00dfige Sprechstunde im Haus) Frau Moritz&#8211; Berufsberatungslehrerin Frau Richter&#8211; Praxisberaterin Die Arbeit der &hellip; <\/p>\n<p class=\"link-more\"><a href=\"https:\/\/125-oberschule.de\/?page_id=161\" class=\"more-link\"><span class=\"screen-reader-text\">\u201eDer Weg zum Beruf\u201c <\/span>weiterlesen<\/a><\/p>\n","protected":false},"author":1,"featured_media":0,"parent":0,"menu_order":0,"comment_status":"closed","ping_status":"closed","template":"","meta":{"_eb_attr":"","om_disable_all_campaigns":false,"footnotes":""},"class_list":["post-161","page","type-page","status-publish","hentry"],"_links":{"self":[{"href":"https:\/\/125-oberschule.de\/index.php?rest_route=\/wp\/v2\/pages\/161","targetHints":{"allow":["GET"]}}],"collection":[{"href":"https:\/\/125-oberschule.de\/index.php?rest_route=\/wp\/v2\/pages"}],"about":[{"href":"https:\/\/125-oberschule.de\/index.php?rest_route=\/wp\/v2\/types\/page"}],"author":[{"embeddable":true,"href":"https:\/\/125-oberschule.de\/index.php?rest_route=\/wp\/v2\/users\/1"}],"replies":[{"embeddable":true,"href":"https:\/\/125-oberschule.de\/index.php?rest_route=%2Fwp%2Fv2%2Fcomments&post=161"}],"version-history":[{"count":26,"href":"https:\/\/125-oberschule.de\/index.php?rest_route=\/wp\/v2\/pages\/161\/revisions"}],"predecessor-version":[{"id":7606,"href":"https:\/\/125-oberschule.de\/index.php?rest_route=\/wp\/v2\/pages\/161\/revisions\/7606"}],"wp:attachment":[{"href":"https:\/\/125-oberschule.de\/index.php?rest_route=%2Fwp%2Fv2%2Fmedia&parent=161"}],"curies":[{"name":"wp","href":"https:\/\/api.w.org\/{rel}","templated":true}]}}