{"id":174,"date":"2018-12-29T18:40:27","date_gmt":"2018-12-29T17:40:27","guid":{"rendered":"https:\/\/125-oberschule.de\/?page_id=174"},"modified":"2023-07-22T09:58:09","modified_gmt":"2023-07-22T07:58:09","slug":"beratungslehrer","status":"publish","type":"page","link":"https:\/\/125-oberschule.de\/?page_id=174","title":{"rendered":"Beratungslehrer"},"content":{"rendered":"\n<p>Wenn du als Sch\u00fcler ein Problem in der Schule hast und du dich nicht traust dies mit dem Lehrer selbst zu besprechen oder die Eltern zu Hause einfach nur noch Nerven oder du dich durch die Schule erdr\u00fcckt f\u00fchlst- dann kann der Weg zum Beratungslehrer ein richtiger Schritt sein. <\/p>\n\n\n\n<p>Aber auch f\u00fcr Eltern, kann sich der Schritt zum Beratungslehrer lohnen, gemeinsam k\u00f6nnen Wege aus Situationen und Problemen innerhalb der Schule gefunden werden. <\/p>\n\n\n\n<p>Beratungslehrer: Frau Geidel<\/p>\n","protected":false},"excerpt":{"rendered":"<p>Wenn du als Sch\u00fcler ein Problem in der Schule hast und du dich nicht traust dies mit dem Lehrer selbst zu besprechen oder die Eltern zu Hause einfach nur noch Nerven oder du dich durch die Schule erdr\u00fcckt f\u00fchlst- dann kann der Weg zum Beratungslehrer ein richtiger Schritt sein. Aber auch f\u00fcr Eltern, kann sich &hellip; <\/p>\n<p class=\"link-more\"><a href=\"https:\/\/125-oberschule.de\/?page_id=174\" class=\"more-link\"><span class=\"screen-reader-text\">\u201eBeratungslehrer\u201c <\/span>weiterlesen<\/a><\/p>\n","protected":false},"author":1,"featured_media":0,"parent":0,"menu_order":0,"comment_status":"closed","ping_status":"closed","template":"","meta":{"_eb_attr":"","om_disable_all_campaigns":false,"footnotes":""},"class_list":["post-174","page","type-page","status-publish","hentry"],"_links":{"self":[{"href":"https:\/\/125-oberschule.de\/index.php?rest_route=\/wp\/v2\/pages\/174","targetHints":{"allow":["GET"]}}],"collection":[{"href":"https:\/\/125-oberschule.de\/index.php?rest_route=\/wp\/v2\/pages"}],"about":[{"href":"https:\/\/125-oberschule.de\/index.php?rest_route=\/wp\/v2\/types\/page"}],"author":[{"embeddable":true,"href":"https:\/\/125-oberschule.de\/index.php?rest_route=\/wp\/v2\/users\/1"}],"replies":[{"embeddable":true,"href":"https:\/\/125-oberschule.de\/index.php?rest_route=%2Fwp%2Fv2%2Fcomments&post=174"}],"version-history":[{"count":3,"href":"https:\/\/125-oberschule.de\/index.php?rest_route=\/wp\/v2\/pages\/174\/revisions"}],"predecessor-version":[{"id":7607,"href":"https:\/\/125-oberschule.de\/index.php?rest_route=\/wp\/v2\/pages\/174\/revisions\/7607"}],"wp:attachment":[{"href":"https:\/\/125-oberschule.de\/index.php?rest_route=%2Fwp%2Fv2%2Fmedia&parent=174"}],"curies":[{"name":"wp","href":"https:\/\/api.w.org\/{rel}","templated":true}]}}