{"id":2532,"date":"2020-05-15T08:27:50","date_gmt":"2020-05-15T06:27:50","guid":{"rendered":"https:\/\/125-oberschule.de\/?page_id=2532"},"modified":"2026-03-26T15:31:38","modified_gmt":"2026-03-26T14:31:38","slug":"willkommen","status":"publish","type":"page","link":"https:\/\/125-oberschule.de\/","title":{"rendered":"Willkommen"},"content":{"rendered":"<div style=\"--animation-direction: normal; --animation-speed: 22.7s; --content-gap: 59px; --overlay-color: #ffffff; --white-space: nowrap; --animation-name: storepress-marquee-animation-x; --animation-play-state: running;\" class=\"has-overlay-color orientation-x wp-block-storepress-marquee\">\n\t<div class=\"wp-block-storepress-marquee__item\">\n\n<p class=\"has-text-align-center has-black-color has-pale-cyan-blue-background-color has-text-color has-background has-link-color has-medium-font-size wp-elements-e52be463d5d8675adb7ddb8a62758ae1\"><strong>&#8212;<a href=\"https:\/\/125-oberschule.de\/?page_id=6551\" data-type=\"link\" data-id=\"https:\/\/125-oberschule.de\/?page_id=6551\">Eingang nur \u00fcber T\u00e4ubchenweg m\u00f6glich<\/a>&#8212;<a href=\"https:\/\/125-oberschule.de\/?p=9828\" data-type=\"link\" data-id=\"https:\/\/125-oberschule.de\/?p=9828\">Big Challenge<\/a>&#8212;<\/strong><\/p>\n\n<\/div>\n\t<!-- Mirrors the content -->\n\t<div class=\"wp-block-storepress-marquee__item mirror\" aria-hidden=\"true\">\n\n<p class=\"has-text-align-center has-black-color has-pale-cyan-blue-background-color has-text-color has-background has-link-color has-medium-font-size wp-elements-e52be463d5d8675adb7ddb8a62758ae1\"><strong>&#8212;<a href=\"https:\/\/125-oberschule.de\/?page_id=6551\" data-type=\"link\" data-id=\"https:\/\/125-oberschule.de\/?page_id=6551\">Eingang nur \u00fcber T\u00e4ubchenweg m\u00f6glich<\/a>&#8212;<a href=\"https:\/\/125-oberschule.de\/?p=9828\" data-type=\"link\" data-id=\"https:\/\/125-oberschule.de\/?p=9828\">Big Challenge<\/a>&#8212;<\/strong><\/p>\n\n<\/div>\n<\/div>\n\n\n\n<div class=\"wp-block-group is-nowrap is-layout-flex wp-container-core-group-is-layout-ad2f72ca wp-block-group-is-layout-flex\">\n<div class=\"wp-block-columns is-layout-flex wp-container-core-columns-is-layout-9d6595d7 wp-block-columns-is-layout-flex\">\n<div class=\"wp-block-column is-vertically-aligned-stretch is-layout-flow wp-block-column-is-layout-flow\" style=\"flex-basis:100%\">\n<p><\/p>\n\n\n\n<p>Liebe Eltern, Lernende und G\u00e4ste,&nbsp;<\/p>\n\n\n\n<p>Sie finden uns unweit des Leipziger Zentrums am Lene- Voigt &#8211; Park. Auf unseren Seiten m\u00f6chten wir Sie \u00fcber die Arbeit an unserer Schule informieren und freuen uns \u00fcber Ihr Interesse.<\/p>\n\n\n\n<p class=\"has-text-align-center has-vivid-red-color has-text-color has-link-color has-medium-font-size wp-elements-1ad62724871bf91cdd35da0956e0b4fa\"><strong>Der Eingang in die Oberschule ist nur \u00fcber den Eingang T\u00e4ubchenweg (GS) m\u00f6glich.<\/strong><\/p>\n\n\n\n<p class=\"has-text-align-center has-vivid-red-color has-text-color has-larger-font-size\"><strong>News<\/strong><\/p>\n\n\n<ul class=\"wp-block-latest-posts__list is-grid columns-2 aligncenter wp-block-latest-posts\"><li><a class=\"wp-block-latest-posts__post-title\" href=\"https:\/\/125-oberschule.de\/?p=9828\">Big Challenge gestartet<\/a><div class=\"wp-block-latest-posts__post-excerpt\">72 ausgew\u00e4hlte Sch\u00fcler haben am 16.\/17. M\u00e4rz 26 am Big &hellip; <p class=\"link-more\"><a href=\"https:\/\/125-oberschule.de\/?p=9828\" class=\"more-link\"><span class=\"screen-reader-text\">\u201eBig Challenge gestartet\u201c <\/span>weiterlesen<\/a><\/p><\/div><\/li>\n<li><a class=\"wp-block-latest-posts__post-title\" href=\"https:\/\/125-oberschule.de\/?p=9804\">Tag der offenen T\u00fcr 2026<\/a><div class=\"wp-block-latest-posts__post-excerpt\">Am letzten Tag des 1. Halbjahres fand unserer Tag der &hellip; <p class=\"link-more\"><a href=\"https:\/\/125-oberschule.de\/?p=9804\" class=\"more-link\"><span class=\"screen-reader-text\">\u201eTag der offenen T\u00fcr 2026\u201c <\/span>weiterlesen<\/a><\/p><\/div><\/li>\n<li><a class=\"wp-block-latest-posts__post-title\" href=\"https:\/\/125-oberschule.de\/?p=9789\">Skilager 2026<\/a><div class=\"wp-block-latest-posts__post-excerpt\">Wie jedes Jahr im Januar, brachen alle Skifans der Klasse &hellip; <p class=\"link-more\"><a href=\"https:\/\/125-oberschule.de\/?p=9789\" class=\"more-link\"><span class=\"screen-reader-text\">\u201eSkilager 2026\u201c <\/span>weiterlesen<\/a><\/p><\/div><\/li>\n<li><a class=\"wp-block-latest-posts__post-title\" href=\"https:\/\/125-oberschule.de\/?p=9762\">Einladung<\/a><div class=\"wp-block-latest-posts__post-excerpt\">Tag der offenen T\u00fcr<\/div><\/li>\n<\/ul>\n\n\n<p class=\"has-text-align-center has-vivid-red-color has-text-color has-link-color wp-elements-bfb6b2726e732d10565f498f6bb239d3\"><a href=\"https:\/\/125-oberschule.de\/?page_id=6551\"><strong>ACHTUNG BAUSTELLE INFOS<\/strong> (Letzte \u00c4nderung 11\/2025)<\/a><\/p>\n\n\n\n<p><span style=\"font-size: revert;\"><\/span><\/p>\n\n\n\n<p class=\"has-text-align-center\"><em>\u201eDas Startchancen-Programm wird durch das<\/em> <em>Bundesministerium f\u00fcr Bildung und Forschung sowie<\/em> <em>das SMK<\/em> <em>gef\u00f6rdert.\u201c<\/em><\/p>\n\n\n<div class=\"wp-block-image\">\n<figure class=\"aligncenter size-large is-resized\"><img loading=\"lazy\" decoding=\"async\" width=\"1024\" height=\"522\" src=\"https:\/\/125-oberschule.de\/wp-content\/uploads\/2025\/03\/Startchancen_Logo_CMYK-1024x522.jpg\" alt=\"Willkommen\" class=\"wp-image-9015\" style=\"width:200px\" srcset=\"https:\/\/125-oberschule.de\/wp-content\/uploads\/2025\/03\/Startchancen_Logo_CMYK-1024x522.jpg 1024w, https:\/\/125-oberschule.de\/wp-content\/uploads\/2025\/03\/Startchancen_Logo_CMYK-300x153.jpg 300w, https:\/\/125-oberschule.de\/wp-content\/uploads\/2025\/03\/Startchancen_Logo_CMYK-768x392.jpg 768w, https:\/\/125-oberschule.de\/wp-content\/uploads\/2025\/03\/Startchancen_Logo_CMYK.jpg 1513w\" sizes=\"auto, (max-width: 706px) 89vw, (max-width: 767px) 82vw, 740px\" \/><\/figure>\n<\/div>\n\n\n<div class=\"wp-block-query is-layout-flow wp-block-query-is-layout-flow\"><\/div>\n\n\n<div class=\"wp-block-image is-style-rounded\">\n<figure class=\"aligncenter size-large\"><img loading=\"lazy\" decoding=\"async\" width=\"1024\" height=\"575\" src=\"https:\/\/125-oberschule.de\/wp-content\/uploads\/2019\/03\/migration-3129340_1920-1024x575.jpg\" alt=\"Willkommen\" class=\"wp-image-554\" srcset=\"https:\/\/125-oberschule.de\/wp-content\/uploads\/2019\/03\/migration-3129340_1920-1024x575.jpg 1024w, https:\/\/125-oberschule.de\/wp-content\/uploads\/2019\/03\/migration-3129340_1920-300x169.jpg 300w, https:\/\/125-oberschule.de\/wp-content\/uploads\/2019\/03\/migration-3129340_1920-768x432.jpg 768w, https:\/\/125-oberschule.de\/wp-content\/uploads\/2019\/03\/migration-3129340_1920.jpg 1600w\" sizes=\"auto, (max-width: 706px) 89vw, (max-width: 767px) 82vw, 740px\" \/><\/figure>\n<\/div><\/div>\n<\/div>\n<\/div>\n\n\n\n<p class=\"has-black-color has-white-background-color has-text-color has-background has-small-font-size\">Ab 1. Januar 2023 ist das S\u00e4chsische Transparenzgesetz vom 19. August 2022 (S\u00e4chs-GVBl. S. 486) in Kraft. Es gew\u00e4hrt jeder Person ein Recht auf Zugang zu den bei einer transparenzpflichtigen Stelle im Freistaat Sachsen verf\u00fcgbaren Informationen, soweit keine Ausnahme gilt (Transparenzanspruch). Schulen sind transparenzpflichtige Stellen nur, soweit Informationen \u00fcber den Namen von Drittmittelgebern, die H\u00f6he der Drittmittel und die Laufzeit der mit Drittmitteln finanzierten abgeschlossenen Forschungsvorhaben betroffen sind.&nbsp;<\/p>\n","protected":false},"excerpt":{"rendered":"<p>Liebe Eltern, Lernende und G\u00e4ste,&nbsp; Sie finden uns unweit des Leipziger Zentrums am Lene- Voigt &#8211; Park. Auf unseren Seiten m\u00f6chten wir Sie \u00fcber die Arbeit an unserer Schule informieren und freuen uns \u00fcber Ihr Interesse. Der Eingang in die Oberschule ist nur \u00fcber den Eingang T\u00e4ubchenweg (GS) m\u00f6glich. News ACHTUNG BAUSTELLE INFOS (Letzte \u00c4nderung &hellip; <\/p>\n<p class=\"link-more\"><a href=\"https:\/\/125-oberschule.de\/\" class=\"more-link\"><span class=\"screen-reader-text\">\u201eWillkommen\u201c <\/span>weiterlesen<\/a><\/p>\n","protected":false},"author":1,"featured_media":0,"parent":0,"menu_order":0,"comment_status":"closed","ping_status":"closed","template":"","meta":{"_eb_attr":"","om_disable_all_campaigns":false,"footnotes":""},"class_list":["post-2532","page","type-page","status-publish","hentry"],"_links":{"self":[{"href":"https:\/\/125-oberschule.de\/index.php?rest_route=\/wp\/v2\/pages\/2532","targetHints":{"allow":["GET"]}}],"collection":[{"href":"https:\/\/125-oberschule.de\/index.php?rest_route=\/wp\/v2\/pages"}],"about":[{"href":"https:\/\/125-oberschule.de\/index.php?rest_route=\/wp\/v2\/types\/page"}],"author":[{"embeddable":true,"href":"https:\/\/125-oberschule.de\/index.php?rest_route=\/wp\/v2\/users\/1"}],"replies":[{"embeddable":true,"href":"https:\/\/125-oberschule.de\/index.php?rest_route=%2Fwp%2Fv2%2Fcomments&post=2532"}],"version-history":[{"count":311,"href":"https:\/\/125-oberschule.de\/index.php?rest_route=\/wp\/v2\/pages\/2532\/revisions"}],"predecessor-version":[{"id":9847,"href":"https:\/\/125-oberschule.de\/index.php?rest_route=\/wp\/v2\/pages\/2532\/revisions\/9847"}],"wp:attachment":[{"href":"https:\/\/125-oberschule.de\/index.php?rest_route=%2Fwp%2Fv2%2Fmedia&parent=2532"}],"curies":[{"name":"wp","href":"https:\/\/api.w.org\/{rel}","templated":true}]}}