{"id":4128,"date":"2020-09-14T11:18:41","date_gmt":"2020-09-14T09:18:41","guid":{"rendered":"https:\/\/125-oberschule.de\/?page_id=4128"},"modified":"2023-07-22T10:06:55","modified_gmt":"2023-07-22T08:06:55","slug":"integration","status":"publish","type":"page","link":"https:\/\/125-oberschule.de\/?page_id=4128","title":{"rendered":"Inklusion"},"content":{"rendered":"\n<p><\/p>\n\n\n\n<p>Seit mehr als  10 Jahren beschreiten wir den Weg einer integrativen Beschulung von Sch\u00fclern mit unterschiedlichen F\u00f6rderbedarfen. <\/p>\n\n\n\n<p>Damit eine gelungene Integration stattfinden kann, ist eine enge Zusammenarbeit von Eltern und Schule genauso wichtig, wie eine Zusammenarbeit zwischen Schule und Sch\u00fcler. Um auf die einzelnen Bedarfe gut reagieren zu k\u00f6nnen, werden wir von den einzelnen  F\u00f6rderschulen vor Ort unterst\u00fctzt. <\/p>\n\n\n\n<p>Ansprechpartner:  Herr Walther<\/p>\n","protected":false},"excerpt":{"rendered":"<p>Seit mehr als 10 Jahren beschreiten wir den Weg einer integrativen Beschulung von Sch\u00fclern mit unterschiedlichen F\u00f6rderbedarfen. Damit eine gelungene Integration stattfinden kann, ist eine enge Zusammenarbeit von Eltern und Schule genauso wichtig, wie eine Zusammenarbeit zwischen Schule und Sch\u00fcler. Um auf die einzelnen Bedarfe gut reagieren zu k\u00f6nnen, werden wir von den einzelnen F\u00f6rderschulen &hellip; <\/p>\n<p class=\"link-more\"><a href=\"https:\/\/125-oberschule.de\/?page_id=4128\" class=\"more-link\"><span class=\"screen-reader-text\">\u201eInklusion\u201c <\/span>weiterlesen<\/a><\/p>\n","protected":false},"author":1,"featured_media":0,"parent":0,"menu_order":0,"comment_status":"closed","ping_status":"closed","template":"","meta":{"_eb_attr":"","om_disable_all_campaigns":false,"footnotes":""},"class_list":["post-4128","page","type-page","status-publish","hentry"],"_links":{"self":[{"href":"https:\/\/125-oberschule.de\/index.php?rest_route=\/wp\/v2\/pages\/4128","targetHints":{"allow":["GET"]}}],"collection":[{"href":"https:\/\/125-oberschule.de\/index.php?rest_route=\/wp\/v2\/pages"}],"about":[{"href":"https:\/\/125-oberschule.de\/index.php?rest_route=\/wp\/v2\/types\/page"}],"author":[{"embeddable":true,"href":"https:\/\/125-oberschule.de\/index.php?rest_route=\/wp\/v2\/users\/1"}],"replies":[{"embeddable":true,"href":"https:\/\/125-oberschule.de\/index.php?rest_route=%2Fwp%2Fv2%2Fcomments&post=4128"}],"version-history":[{"count":5,"href":"https:\/\/125-oberschule.de\/index.php?rest_route=\/wp\/v2\/pages\/4128\/revisions"}],"predecessor-version":[{"id":7611,"href":"https:\/\/125-oberschule.de\/index.php?rest_route=\/wp\/v2\/pages\/4128\/revisions\/7611"}],"wp:attachment":[{"href":"https:\/\/125-oberschule.de\/index.php?rest_route=%2Fwp%2Fv2%2Fmedia&parent=4128"}],"curies":[{"name":"wp","href":"https:\/\/api.w.org\/{rel}","templated":true}]}}