{"id":5612,"date":"2021-07-25T19:34:21","date_gmt":"2021-07-25T17:34:21","guid":{"rendered":"https:\/\/125-oberschule.de\/?page_id=5612"},"modified":"2023-07-21T22:03:21","modified_gmt":"2023-07-21T20:03:21","slug":"foerderverein-pro-niko","status":"publish","type":"page","link":"https:\/\/125-oberschule.de\/?page_id=5612","title":{"rendered":"F\u00f6rderverein &#8222;Pro Niko&#8220;"},"content":{"rendered":"\n<p><\/p>\n\n\n\n<p>Der F\u00f6rderverein unterst\u00fctz unsere Schule bei der Durchf\u00fchrung von Projekten zur F\u00f6rderung der Toleranz und des sozialen Miteinanders. Er ist auch Tr\u00e4ger unseres GTA &#8211; Programms.<\/p>\n\n\n\n<p>Mitglieder unseres F\u00f6rdervereins :<\/p>\n\n\n<ul>\n<li>Eltern<\/li>\n<li>ehemalige Sch\u00fcler<\/li>\n<li>Lehrer<img loading=\"lazy\" decoding=\"async\" class=\"size-full wp-image-5615 alignright\" src=\"https:\/\/125-oberschule.de\/wp-content\/uploads\/2021\/07\/picture-taker-p7awxt-3.jpg\" alt=\"F\u00f6rderverein &quot;Pro Niko&quot;\" width=\"218\" height=\"218\" srcset=\"https:\/\/125-oberschule.de\/wp-content\/uploads\/2021\/07\/picture-taker-p7awxt-3.jpg 218w, https:\/\/125-oberschule.de\/wp-content\/uploads\/2021\/07\/picture-taker-p7awxt-3-100x100.jpg 100w, https:\/\/125-oberschule.de\/wp-content\/uploads\/2021\/07\/picture-taker-p7awxt-3-150x150.jpg 150w\" sizes=\"auto, (max-width: 218px) 100vw, 218px\" \/><\/li>\n<li>Freunde unserer Schule<\/li>\n<\/ul>\n\n\n<p>Auch Sie k\u00f6nnen unseren Verein betreten und unser Schulleben mitgestalten. <\/p>\n\n\n\n<p>Kontakt: <\/p>\n\n\n\n<p><strong>F\u00f6rderverein &#8222;Pro Niko&#8220;; Heinrichstr. 45; 04317 Leipzig<\/strong><\/p>\n\n\n\n<p><\/p>\n","protected":false},"excerpt":{"rendered":"<p>Der F\u00f6rderverein unterst\u00fctz unsere Schule bei der Durchf\u00fchrung von Projekten zur F\u00f6rderung der Toleranz und des sozialen Miteinanders. Er ist auch Tr\u00e4ger unseres GTA &#8211; Programms. Mitglieder unseres F\u00f6rdervereins : Eltern ehemalige Sch\u00fcler Lehrer Freunde unserer Schule Auch Sie k\u00f6nnen unseren Verein betreten und unser Schulleben mitgestalten. Kontakt: F\u00f6rderverein &#8222;Pro Niko&#8220;; Heinrichstr. 45; 04317 Leipzig<\/p>\n","protected":false},"author":1,"featured_media":0,"parent":0,"menu_order":0,"comment_status":"closed","ping_status":"closed","template":"","meta":{"_eb_attr":"","om_disable_all_campaigns":false,"footnotes":""},"class_list":["post-5612","page","type-page","status-publish","hentry"],"_links":{"self":[{"href":"https:\/\/125-oberschule.de\/index.php?rest_route=\/wp\/v2\/pages\/5612","targetHints":{"allow":["GET"]}}],"collection":[{"href":"https:\/\/125-oberschule.de\/index.php?rest_route=\/wp\/v2\/pages"}],"about":[{"href":"https:\/\/125-oberschule.de\/index.php?rest_route=\/wp\/v2\/types\/page"}],"author":[{"embeddable":true,"href":"https:\/\/125-oberschule.de\/index.php?rest_route=\/wp\/v2\/users\/1"}],"replies":[{"embeddable":true,"href":"https:\/\/125-oberschule.de\/index.php?rest_route=%2Fwp%2Fv2%2Fcomments&post=5612"}],"version-history":[{"count":4,"href":"https:\/\/125-oberschule.de\/index.php?rest_route=\/wp\/v2\/pages\/5612\/revisions"}],"predecessor-version":[{"id":7575,"href":"https:\/\/125-oberschule.de\/index.php?rest_route=\/wp\/v2\/pages\/5612\/revisions\/7575"}],"wp:attachment":[{"href":"https:\/\/125-oberschule.de\/index.php?rest_route=%2Fwp%2Fv2%2Fmedia&parent=5612"}],"curies":[{"name":"wp","href":"https:\/\/api.w.org\/{rel}","templated":true}]}}