{"id":6287,"date":"2022-02-14T12:37:41","date_gmt":"2022-02-14T11:37:41","guid":{"rendered":"https:\/\/125-oberschule.de\/?page_id=6287"},"modified":"2023-07-21T22:06:14","modified_gmt":"2023-07-21T20:06:14","slug":"digital-road-trip","status":"publish","type":"page","link":"https:\/\/125-oberschule.de\/?page_id=6287","title":{"rendered":"Projekte zur Digitalisierung"},"content":{"rendered":"\n<p>Digital Road Trip<\/p>\n\n\n\n<p>wir  haben an einem  sechsw\u00f6chiges Projekt mit der Leipziger Hochschule f\u00fcr Telekommunikation und dem ZLS zum Thema:   <em><strong>Digitalisierung von Unterricht<\/strong><\/em> teilgenommen.  Dabei wurden in ausgew\u00e4hlten Klassen verschiedene Unterrichtssequenzen digital gestaltet, durch die  Partner wurde uns die entsprechende Technik und Infrastrukur leihweise \u00fcberlassen . <\/p>\n\n\n<div id=\"twoj_slideshow_69f49c0d9f1ab\" class=\"twoj_slideshow\" data-auto=\"false\"  data-width=\"80%\" data-height=\"0\"  data-minwidth=\"300\" data-minheight=\"0\"  data-maxwidth=\"100%\" data-maxheight=\"0\"  data-ratio=\"800\/600\"  data-nav=\"false\" data-allowfullscreen=\"false\"  data-transition=\"crossfade\"  data-transitionduration=\"120\"  data-loop=\"1\"  data-autoplay=\"5000\"  data-stopautoplayontouch=\"true\"  data-fit=\"none\"  data-margin=\"3\"  data-thumbmargin=\"1\"  data-thumbborderwidth=\"0\"  data-thumbwidth=\"120\"   data-thumbheight=\"60\" ><a  href=\"https:\/\/125-oberschule.de\/wp-content\/uploads\/2022\/02\/Hochschule-fuer-Telekommunikation.jpg\" ><img loading=\"lazy\" decoding=\"async\" src=\"https:\/\/125-oberschule.de\/wp-content\/uploads\/2022\/02\/Hochschule-fuer-Telekommunikation.jpg\"  alt=\"Hochschule f\u00fcr Telekommunikation\" width=\"160\" height=\"70\"><\/a><a  href=\"https:\/\/125-oberschule.de\/wp-content\/uploads\/2022\/02\/zls.jpg\" ><img loading=\"lazy\" decoding=\"async\" src=\"https:\/\/125-oberschule.de\/wp-content\/uploads\/2022\/02\/zls.jpg\"  alt=\"zls\" width=\"162\" height=\"81\"><\/a><\/div><div style=\"clear: both;\"><\/div><script>var twoj_slideshow_69f49c0d9f1ab = {}, twoj_slideshow_69f49c0d9f1ab_css = \"\",\r\n\t\thead = document.head || document.getElementsByTagName(\"head\")[0],\r\n\t\tstyle = document.createElement(\"style\");\r\n\t\tstyle.type = \"text\/css\";\r\n\t\tif (style.styleSheet) style.styleSheet.cssText = twoj_slideshow_69f49c0d9f1ab_css;\r\n\t\t\telse  style.appendChild(document.createTextNode(twoj_slideshow_69f49c0d9f1ab_css));\r\n\t\thead.appendChild(style);<\/script>\n\n\n<p>Wir waren auch Teilnehmer im Projekt: <strong>Schule digital <\/strong><\/p>\n\n\n\n<p>Um die Qualit\u00e4t  und die Ver\u00e4nderungen in diesem Bereich Rechnung zu tragen, finden regelm\u00e4\u00dfige Schulungen bei uns im Hause statt. <\/p>\n\n\n\n<p><\/p>\n","protected":false},"excerpt":{"rendered":"<p>Digital Road Trip wir haben an einem sechsw\u00f6chiges Projekt mit der Leipziger Hochschule f\u00fcr Telekommunikation und dem ZLS zum Thema: Digitalisierung von Unterricht teilgenommen. Dabei wurden in ausgew\u00e4hlten Klassen verschiedene Unterrichtssequenzen digital gestaltet, durch die Partner wurde uns die entsprechende Technik und Infrastrukur leihweise \u00fcberlassen . Wir waren auch Teilnehmer im Projekt: Schule digital Um &hellip; <\/p>\n<p class=\"link-more\"><a href=\"https:\/\/125-oberschule.de\/?page_id=6287\" class=\"more-link\"><span class=\"screen-reader-text\">\u201eProjekte zur Digitalisierung\u201c <\/span>weiterlesen<\/a><\/p>\n","protected":false},"author":1,"featured_media":0,"parent":0,"menu_order":0,"comment_status":"closed","ping_status":"closed","template":"","meta":{"_eb_attr":"","om_disable_all_campaigns":false,"footnotes":""},"class_list":["post-6287","page","type-page","status-publish","hentry"],"_links":{"self":[{"href":"https:\/\/125-oberschule.de\/index.php?rest_route=\/wp\/v2\/pages\/6287","targetHints":{"allow":["GET"]}}],"collection":[{"href":"https:\/\/125-oberschule.de\/index.php?rest_route=\/wp\/v2\/pages"}],"about":[{"href":"https:\/\/125-oberschule.de\/index.php?rest_route=\/wp\/v2\/types\/page"}],"author":[{"embeddable":true,"href":"https:\/\/125-oberschule.de\/index.php?rest_route=\/wp\/v2\/users\/1"}],"replies":[{"embeddable":true,"href":"https:\/\/125-oberschule.de\/index.php?rest_route=%2Fwp%2Fv2%2Fcomments&post=6287"}],"version-history":[{"count":7,"href":"https:\/\/125-oberschule.de\/index.php?rest_route=\/wp\/v2\/pages\/6287\/revisions"}],"predecessor-version":[{"id":7393,"href":"https:\/\/125-oberschule.de\/index.php?rest_route=\/wp\/v2\/pages\/6287\/revisions\/7393"}],"wp:attachment":[{"href":"https:\/\/125-oberschule.de\/index.php?rest_route=%2Fwp%2Fv2%2Fmedia&parent=6287"}],"curies":[{"name":"wp","href":"https:\/\/api.w.org\/{rel}","templated":true}]}}