{"id":6551,"date":"2022-05-14T13:57:17","date_gmt":"2022-05-14T11:57:17","guid":{"rendered":"https:\/\/125-oberschule.de\/?page_id=6551"},"modified":"2025-11-29T09:35:45","modified_gmt":"2025-11-29T08:35:45","slug":"baustellennews","status":"publish","type":"page","link":"https:\/\/125-oberschule.de\/?page_id=6551","title":{"rendered":""},"content":{"rendered":"\n<p class=\"has-text-align-center has-vivid-red-color has-text-color has-link-color has-x-large-font-size wp-elements-f3c7e4615b18b09ed4187273483b9a01\"><strong>Achtung Baustelle<\/strong><\/p>\n\n\n\n<p>Seit Mai 2022 wird das  Schraderhaus seitens der Stadt Leipzig zu einem Gymnasium umgebaut. Dabei wurden  gro\u00dfz\u00fcgig Teile der Heinrichstra\u00dfe  f\u00fcr Autos\/R\u00e4der und Fussg\u00e4nger und die Baedekerstra\u00dfe f\u00fcr Autos und R\u00e4der gesperrt. Das Ende der Bauma\u00dfnahmen  am Schraderhaus und die damit verbundenen Einschr\u00e4nkungen werden f\u00fcr sp\u00e4testens 2026 erwartet. <\/p>\n\n\n\n<p><strong>Zugang zur Oberschule:<\/strong><\/p>\n\n\n\n<p>Der Zugang auf der Heinrichstra\u00dfe wird zum 24.11.2025 geschlossen. Weitere Hinweise entnehmen Sie bitte dem Schreiben der Schulleitung.<\/p>\n\n\n\n<p><a href=\"https:\/\/125-oberschule.de\/wp-content\/uploads\/2025\/11\/Elternbrief-Baumassnahmen-November.pdf\">Download Elternbrief<\/a><\/p>\n\n\n\n\n\n<p><strong>Lieferanten: <\/strong><\/p>\n\n\n\n<p>Gr\u00f6\u00dfere Fahrzeuge melden sich telefonisch an, Zufahrt \u00fcber T\u00e4ubchenweg\/Hoftor<\/p>\n\n\n\n<figure class=\"wp-block-image size-large\"><img loading=\"lazy\" decoding=\"async\" width=\"724\" height=\"1024\" src=\"https:\/\/125-oberschule.de\/wp-content\/uploads\/2025\/11\/baustelle.1-724x1024.jpeg\" alt=\"\" class=\"wp-image-9633\" srcset=\"https:\/\/125-oberschule.de\/wp-content\/uploads\/2025\/11\/baustelle.1-724x1024.jpeg 724w, https:\/\/125-oberschule.de\/wp-content\/uploads\/2025\/11\/baustelle.1-1086x1536.jpeg 1086w, https:\/\/125-oberschule.de\/wp-content\/uploads\/2025\/11\/baustelle.1-212x300.jpeg 212w, https:\/\/125-oberschule.de\/wp-content\/uploads\/2025\/11\/baustelle.1-768x1086.jpeg 768w, https:\/\/125-oberschule.de\/wp-content\/uploads\/2025\/11\/baustelle.1.jpeg 1190w\" sizes=\"auto, (max-width: 724px) 100vw, 724px\" \/><\/figure>\n","protected":false},"excerpt":{"rendered":"<p>Achtung Baustelle Seit Mai 2022 wird das Schraderhaus seitens der Stadt Leipzig zu einem Gymnasium umgebaut. Dabei wurden gro\u00dfz\u00fcgig Teile der Heinrichstra\u00dfe f\u00fcr Autos\/R\u00e4der und Fussg\u00e4nger und die Baedekerstra\u00dfe f\u00fcr Autos und R\u00e4der gesperrt. Das Ende der Bauma\u00dfnahmen am Schraderhaus und die damit verbundenen Einschr\u00e4nkungen werden f\u00fcr sp\u00e4testens 2026 erwartet. Zugang zur Oberschule: Der Zugang &hellip; <\/p>\n<p class=\"link-more\"><a href=\"https:\/\/125-oberschule.de\/?page_id=6551\" class=\"more-link\"><span class=\"screen-reader-text\">\u201e\u201c <\/span>weiterlesen<\/a><\/p>\n","protected":false},"author":1,"featured_media":0,"parent":0,"menu_order":0,"comment_status":"closed","ping_status":"closed","template":"","meta":{"_eb_attr":"","om_disable_all_campaigns":false,"footnotes":""},"class_list":["post-6551","page","type-page","status-publish","hentry"],"_links":{"self":[{"href":"https:\/\/125-oberschule.de\/index.php?rest_route=\/wp\/v2\/pages\/6551","targetHints":{"allow":["GET"]}}],"collection":[{"href":"https:\/\/125-oberschule.de\/index.php?rest_route=\/wp\/v2\/pages"}],"about":[{"href":"https:\/\/125-oberschule.de\/index.php?rest_route=\/wp\/v2\/types\/page"}],"author":[{"embeddable":true,"href":"https:\/\/125-oberschule.de\/index.php?rest_route=\/wp\/v2\/users\/1"}],"replies":[{"embeddable":true,"href":"https:\/\/125-oberschule.de\/index.php?rest_route=%2Fwp%2Fv2%2Fcomments&post=6551"}],"version-history":[{"count":15,"href":"https:\/\/125-oberschule.de\/index.php?rest_route=\/wp\/v2\/pages\/6551\/revisions"}],"predecessor-version":[{"id":9707,"href":"https:\/\/125-oberschule.de\/index.php?rest_route=\/wp\/v2\/pages\/6551\/revisions\/9707"}],"wp:attachment":[{"href":"https:\/\/125-oberschule.de\/index.php?rest_route=%2Fwp%2Fv2%2Fmedia&parent=6551"}],"curies":[{"name":"wp","href":"https:\/\/api.w.org\/{rel}","templated":true}]}}