{"id":6756,"date":"2022-08-23T15:37:44","date_gmt":"2022-08-23T13:37:44","guid":{"rendered":"https:\/\/125-oberschule.de\/?page_id=6756"},"modified":"2023-07-21T22:02:59","modified_gmt":"2023-07-21T20:02:59","slug":"schuljahresstart-an-der-125-oberschule","status":"publish","type":"page","link":"https:\/\/125-oberschule.de\/?page_id=6756","title":{"rendered":"Schuljahresstart an der 125. Oberschule 2023\/24"},"content":{"rendered":"\n<p>Hallo, <\/p>\n\n\n\n<p>So starten wir ins neue Schuljahr: <\/p>\n\n\n\n<p><\/p>\n\n\n\n<p><strong>Montag <\/strong><\/p>\n\n\n\n<p class=\"has-theme-palette-2-color has-text-color has-medium-font-size\"><strong>Klasse 5:   7:50 Uhr Einlass an der  vorderen T\u00fcr der 125. Oberschule (nicht auf dem Hof)<\/strong><\/p>\n\n\n\n<p> Unterricht beim Klassenleiter bis 10:30 Uhr danach gehen die Sch\u00fcler nach Hause<\/p>\n\n\n\n<p class=\"has-medium-font-size\"><strong><mark style=\"background-color:rgba(0, 0, 0, 0)\" class=\"has-inline-color has-theme-palette-2-color\">Klasse  6-10:  Einlass 7:35 bis 7:45 Uhr \u00fcber den Hof. Neue Sch\u00fcler melden sich im Sekretariat der  Schule im EG. Schluss wird gegen 09:30 Uhr sein. <\/mark><\/strong><\/p>\n\n\n\n<p><strong>Ab Diensta<\/strong>g in Klasse 6-10 Unterricht nach Plan, <\/p>\n\n\n\n<p><\/p>\n\n\n\n<p><\/p>\n","protected":false},"excerpt":{"rendered":"<p>Hallo, So starten wir ins neue Schuljahr: Montag Klasse 5: 7:50 Uhr Einlass an der vorderen T\u00fcr der 125. Oberschule (nicht auf dem Hof) Unterricht beim Klassenleiter bis 10:30 Uhr danach gehen die Sch\u00fcler nach Hause Klasse 6-10: Einlass 7:35 bis 7:45 Uhr \u00fcber den Hof. Neue Sch\u00fcler melden sich im Sekretariat der Schule im &hellip; <\/p>\n<p class=\"link-more\"><a href=\"https:\/\/125-oberschule.de\/?page_id=6756\" class=\"more-link\"><span class=\"screen-reader-text\">\u201eSchuljahresstart an der 125. Oberschule 2023\/24\u201c <\/span>weiterlesen<\/a><\/p>\n","protected":false},"author":1,"featured_media":6757,"parent":0,"menu_order":0,"comment_status":"closed","ping_status":"closed","template":"","meta":{"_eb_attr":"","om_disable_all_campaigns":false,"footnotes":""},"class_list":["post-6756","page","type-page","status-publish","has-post-thumbnail","hentry"],"_links":{"self":[{"href":"https:\/\/125-oberschule.de\/index.php?rest_route=\/wp\/v2\/pages\/6756","targetHints":{"allow":["GET"]}}],"collection":[{"href":"https:\/\/125-oberschule.de\/index.php?rest_route=\/wp\/v2\/pages"}],"about":[{"href":"https:\/\/125-oberschule.de\/index.php?rest_route=\/wp\/v2\/types\/page"}],"author":[{"embeddable":true,"href":"https:\/\/125-oberschule.de\/index.php?rest_route=\/wp\/v2\/users\/1"}],"replies":[{"embeddable":true,"href":"https:\/\/125-oberschule.de\/index.php?rest_route=%2Fwp%2Fv2%2Fcomments&post=6756"}],"version-history":[{"count":7,"href":"https:\/\/125-oberschule.de\/index.php?rest_route=\/wp\/v2\/pages\/6756\/revisions"}],"predecessor-version":[{"id":7574,"href":"https:\/\/125-oberschule.de\/index.php?rest_route=\/wp\/v2\/pages\/6756\/revisions\/7574"}],"wp:featuredmedia":[{"embeddable":true,"href":"https:\/\/125-oberschule.de\/index.php?rest_route=\/wp\/v2\/media\/6757"}],"wp:attachment":[{"href":"https:\/\/125-oberschule.de\/index.php?rest_route=%2Fwp%2Fv2%2Fmedia&parent=6756"}],"curies":[{"name":"wp","href":"https:\/\/api.w.org\/{rel}","templated":true}]}}