{"id":7712,"date":"2023-08-14T14:04:32","date_gmt":"2023-08-14T12:04:32","guid":{"rendered":"https:\/\/125-oberschule.de\/?page_id=7712"},"modified":"2026-03-24T09:27:02","modified_gmt":"2026-03-24T08:27:02","slug":"schulsozialarbeit-2","status":"publish","type":"page","link":"https:\/\/125-oberschule.de\/?page_id=7712","title":{"rendered":"Schulsozialarbeit"},"content":{"rendered":"\n<p><strong>Schulsozialarbeit ist ein kostenloses und freiwilliges Angebot f\u00fcr Sch\u00fcler:innen, Personensorgeberechtigte und Lehrkr\u00e4fte<\/strong><\/p>\n\n\n\n<h3 class=\"wp-block-heading\"><strong>Soziale Gruppenarbeit<\/strong>:<\/h3>\n\n\n\n<ul class=\"wp-block-list\">\n<li>Organisation von Projekten zu alters- und geschlechtsspezifischen Themen, wie unter anderem Suchtpr\u00e4vention, Sexualp\u00e4dagogik und Umgang mit sozialen Medien;<\/li>\n\n\n\n<li>Begleitung und F\u00f6rderung von Partizipation und Mitsprache von Sch\u00fcler:innen in Form des Sch\u00fclerrates;<\/li>\n\n\n\n<li>Soziales Lernen und Klassenrat;<\/li>\n\n\n\n<li>Projektarbeit in den Nachmittagsstunden<\/li>\n\n\n\n<li>Unterst\u00fctzung von Schulausfl\u00fcgen<\/li>\n<\/ul>\n\n\n\n<h3 class=\"wp-block-heading\"><strong>Einzelfallarbeit<\/strong>:<\/h3>\n\n\n\n<ul class=\"wp-block-list\">\n<li>Beratung von Sch\u00fcler:innen und Personensorgeberechtigten<\/li>\n\n\n\n<li>Beratung von Lehrkr\u00e4ften;<\/li>\n\n\n\n<li>Vermittlung zwischen Eltern und Schule<\/li>\n<\/ul>\n\n\n\n<h3 class=\"wp-block-heading\"><strong>Gemeinwesenarbeit<\/strong>:<\/h3>\n\n\n\n<ul class=\"wp-block-list\">\n<li>\u00d6ffentlichkeitsarbeit;<\/li>\n\n\n\n<li>Teilnahme an Gremien (PRAK, OSAKA, AK Schulsozialarbeit) zur Vertretung der Interessen der Schule;<\/li>\n<\/ul>\n\n\n\n<p><strong>Kontakt:<\/strong><\/p>\n\n\n\n<p><strong>Eva Kellinghaus<\/strong><\/p>\n\n\n\n<p>0151 \/ 12594490    <a href=\"mailto:eva.kellinghaus@villa-leipzig.de\">eva.kellinghaus@villa-leipzig.de<\/a><\/p>\n\n\n\n<p><strong>Felicia Franke<\/strong><\/p>\n\n\n\n<p>0176 \/ 66554988   <a href=\"mailto:felicia.franke@villa-leipzig.de\">felicia.franke@villa-leipzig.de<\/a><\/p>\n\n\n\n<p><strong>B\u00fcro Schulsozialarbeit<\/strong>&nbsp;(neben dem Sch\u00fclercaf\u00e9)<\/p>\n\n\n\n<p>Pr\u00e4senzzeiten:     Montag bis Freitag\u00a0<strong>07:00 \u2013 15:00 Uhr<\/strong><\/p>\n\n\n<div class=\"wp-block-image\">\n<figure class=\"aligncenter size-full is-resized\"><img loading=\"lazy\" decoding=\"async\" width=\"534\" height=\"356\" src=\"https:\/\/125-oberschule.de\/wp-content\/uploads\/2026\/03\/1234.png\" alt=\"Schulsozialarbeit\" class=\"wp-image-9843\" style=\"width:469px;height:auto\" srcset=\"https:\/\/125-oberschule.de\/wp-content\/uploads\/2026\/03\/1234.png 534w, https:\/\/125-oberschule.de\/wp-content\/uploads\/2026\/03\/1234-300x200.png 300w\" sizes=\"auto, (max-width: 534px) 100vw, 534px\" \/><\/figure>\n<\/div>\n\n\n<p class=\"has-text-align-center has-text-color has-link-color has-large-font-size wp-elements-635414250929dc4a37fec59454c3ee71\" style=\"color:#1e2cca\"><strong>Projekte mit Unterst\u00fctzung der Schulsozialarbeit<\/strong><\/p>\n\n\n<ul class=\"wp-block-latest-posts__list is-grid columns-3 wp-block-latest-posts\"><li><a class=\"wp-block-latest-posts__post-title\" href=\"https:\/\/125-oberschule.de\/?p=8318\">Druckwerkstatt<\/a><div class=\"wp-block-latest-posts__post-excerpt\">Im April 2024 nahmen die Sch\u00fcler und Sch\u00fclerinnen der &#8222;Deutsch als Zweitsprache&#8220;-Klasse an einem mehrt\u00e4gigen Projekt in der Grafik- und Druckwerkstatt des &#8222;Werk2&#8220; teil. Unterst\u00fctzt durch die Schulsozialarbeit wurden verschiedene &hellip; <p class=\"link-more\"><a href=\"https:\/\/125-oberschule.de\/?p=8318\" class=\"more-link\"><span class=\"screen-reader-text\">\u201eDruckwerkstatt\u201c <\/span>weiterlesen<\/a><\/p><\/div><\/li>\n<li><a class=\"wp-block-latest-posts__post-title\" href=\"https:\/\/125-oberschule.de\/?p=8310\">Spenden f\u00fcr Erdbebenopfer<\/a><div class=\"wp-block-latest-posts__post-excerpt\">Im April 2024 konnte der Sch\u00fclerinnenrat der 125. Oberschule die Spende in H\u00f6he von 144,61\u20ac an die Organisatorin der &#8222;Hilfe f\u00fcr die Erdbebenopfer in Marokko&#8220; pers\u00f6nlich \u00fcbergeben. Das Geld wurde &hellip; <p class=\"link-more\"><a href=\"https:\/\/125-oberschule.de\/?p=8310\" class=\"more-link\"><span class=\"screen-reader-text\">\u201eSpenden f\u00fcr Erdbebenopfer\u201c <\/span>weiterlesen<\/a><\/p><\/div><\/li>\n<\/ul>\n\n\n<p>Die Schulsozialarbeit wird gestellt durch : <strong><em>Die Villa<\/em><\/strong>  <\/p>\n","protected":false},"excerpt":{"rendered":"<p>Schulsozialarbeit ist ein kostenloses und freiwilliges Angebot f\u00fcr Sch\u00fcler:innen, Personensorgeberechtigte und Lehrkr\u00e4fte Soziale Gruppenarbeit: Einzelfallarbeit: Gemeinwesenarbeit: Kontakt: Eva Kellinghaus 0151 \/ 12594490 eva.kellinghaus@villa-leipzig.de Felicia Franke 0176 \/ 66554988 felicia.franke@villa-leipzig.de B\u00fcro Schulsozialarbeit&nbsp;(neben dem Sch\u00fclercaf\u00e9) Pr\u00e4senzzeiten: Montag bis Freitag\u00a007:00 \u2013 15:00 Uhr Projekte mit Unterst\u00fctzung der Schulsozialarbeit Die Schulsozialarbeit wird gestellt durch : Die Villa<\/p>\n","protected":false},"author":1,"featured_media":0,"parent":0,"menu_order":0,"comment_status":"closed","ping_status":"closed","template":"","meta":{"_eb_attr":"","om_disable_all_campaigns":false,"footnotes":""},"class_list":["post-7712","page","type-page","status-publish","hentry"],"_links":{"self":[{"href":"https:\/\/125-oberschule.de\/index.php?rest_route=\/wp\/v2\/pages\/7712","targetHints":{"allow":["GET"]}}],"collection":[{"href":"https:\/\/125-oberschule.de\/index.php?rest_route=\/wp\/v2\/pages"}],"about":[{"href":"https:\/\/125-oberschule.de\/index.php?rest_route=\/wp\/v2\/types\/page"}],"author":[{"embeddable":true,"href":"https:\/\/125-oberschule.de\/index.php?rest_route=\/wp\/v2\/users\/1"}],"replies":[{"embeddable":true,"href":"https:\/\/125-oberschule.de\/index.php?rest_route=%2Fwp%2Fv2%2Fcomments&post=7712"}],"version-history":[{"count":11,"href":"https:\/\/125-oberschule.de\/index.php?rest_route=\/wp\/v2\/pages\/7712\/revisions"}],"predecessor-version":[{"id":9845,"href":"https:\/\/125-oberschule.de\/index.php?rest_route=\/wp\/v2\/pages\/7712\/revisions\/9845"}],"wp:attachment":[{"href":"https:\/\/125-oberschule.de\/index.php?rest_route=%2Fwp%2Fv2%2Fmedia&parent=7712"}],"curies":[{"name":"wp","href":"https:\/\/api.w.org\/{rel}","templated":true}]}}