{"id":9055,"date":"2025-04-03T10:20:41","date_gmt":"2025-04-03T08:20:41","guid":{"rendered":"https:\/\/125-oberschule.de\/?page_id=9055"},"modified":"2025-10-25T07:26:28","modified_gmt":"2025-10-25T05:26:28","slug":"unser-schuelerrat","status":"publish","type":"page","link":"https:\/\/125-oberschule.de\/?page_id=9055","title":{"rendered":"Sch\u00fclerrat"},"content":{"rendered":"\n<p>Der Sch\u00fclerrat wird in diesem Schuljahr durch die Vertrauenslehrerin Frau Saburdjajew unterst\u00fctzt. Die Schwerpunkte der Arbeit in diesem Jahr folgen in k\u00fcrze.<\/p>\n\n\n\n<p><\/p>\n\n\n\n<p><\/p>\n\n\n\n<p><\/p>\n","protected":false},"excerpt":{"rendered":"<p>Der Sch\u00fclerrat wird in diesem Schuljahr durch die Vertrauenslehrerin Frau Saburdjajew unterst\u00fctzt. Die Schwerpunkte der Arbeit in diesem Jahr folgen in k\u00fcrze.<\/p>\n","protected":false},"author":1,"featured_media":0,"parent":0,"menu_order":0,"comment_status":"closed","ping_status":"closed","template":"","meta":{"_eb_attr":"","om_disable_all_campaigns":false,"footnotes":""},"class_list":["post-9055","page","type-page","status-publish","hentry"],"_links":{"self":[{"href":"https:\/\/125-oberschule.de\/index.php?rest_route=\/wp\/v2\/pages\/9055","targetHints":{"allow":["GET"]}}],"collection":[{"href":"https:\/\/125-oberschule.de\/index.php?rest_route=\/wp\/v2\/pages"}],"about":[{"href":"https:\/\/125-oberschule.de\/index.php?rest_route=\/wp\/v2\/types\/page"}],"author":[{"embeddable":true,"href":"https:\/\/125-oberschule.de\/index.php?rest_route=\/wp\/v2\/users\/1"}],"replies":[{"embeddable":true,"href":"https:\/\/125-oberschule.de\/index.php?rest_route=%2Fwp%2Fv2%2Fcomments&post=9055"}],"version-history":[{"count":2,"href":"https:\/\/125-oberschule.de\/index.php?rest_route=\/wp\/v2\/pages\/9055\/revisions"}],"predecessor-version":[{"id":9516,"href":"https:\/\/125-oberschule.de\/index.php?rest_route=\/wp\/v2\/pages\/9055\/revisions\/9516"}],"wp:attachment":[{"href":"https:\/\/125-oberschule.de\/index.php?rest_route=%2Fwp%2Fv2%2Fmedia&parent=9055"}],"curies":[{"name":"wp","href":"https:\/\/api.w.org\/{rel}","templated":true}]}}