{"id":9582,"date":"2025-11-07T14:44:15","date_gmt":"2025-11-07T13:44:15","guid":{"rendered":"https:\/\/125-oberschule.de\/?page_id=9582"},"modified":"2026-05-08T10:12:15","modified_gmt":"2026-05-08T08:12:15","slug":"kleine-kuenstler-ganz-gross","status":"publish","type":"page","link":"https:\/\/125-oberschule.de\/?page_id=9582","title":{"rendered":"Kleine K\u00fcnstler ganz gro\u00df"},"content":{"rendered":"\n<p>Die ersten Kunstwerke aus unserem <em>Zertifikatskurs f\u00fcr k\u00fcnstlerisch begabte Sch\u00fcler <\/em>sind fertig und lassen einen nur staunen.<\/p>\n\n\n\n<p>Thema: Portr\u00e4t <\/p>\n\n\n\n<figure class=\"wp-block-gallery has-nested-images columns-default is-cropped wp-block-gallery-1 is-layout-flex wp-block-gallery-is-layout-flex\">\n<figure class=\"wp-block-image size-large\"><img loading=\"lazy\" decoding=\"async\" width=\"714\" height=\"1024\" data-id=\"9866\" src=\"https:\/\/125-oberschule.de\/wp-content\/uploads\/2026\/05\/IMG_6685-714x1024.jpeg\" alt=\"Kleine K\u00fcnstler ganz gro\u00df\" class=\"wp-image-9866\" srcset=\"https:\/\/125-oberschule.de\/wp-content\/uploads\/2026\/05\/IMG_6685-714x1024.jpeg 714w, https:\/\/125-oberschule.de\/wp-content\/uploads\/2026\/05\/IMG_6685-1071x1536.jpeg 1071w, https:\/\/125-oberschule.de\/wp-content\/uploads\/2026\/05\/IMG_6685-209x300.jpeg 209w, https:\/\/125-oberschule.de\/wp-content\/uploads\/2026\/05\/IMG_6685-768x1102.jpeg 768w, https:\/\/125-oberschule.de\/wp-content\/uploads\/2026\/05\/IMG_6685.jpeg 1264w\" sizes=\"auto, (max-width: 714px) 100vw, 714px\" \/><\/figure>\n<\/figure>\n\n\n\n<figure class=\"wp-block-gallery has-nested-images columns-default is-cropped wp-block-gallery-2 is-layout-flex wp-block-gallery-is-layout-flex\"><\/figure>\n\n\n\n<figure class=\"wp-block-gallery has-nested-images columns-default is-cropped wp-block-gallery-3 is-layout-flex wp-block-gallery-is-layout-flex\"><\/figure>\n\n\n\n<figure class=\"wp-block-gallery has-nested-images columns-default is-cropped wp-block-gallery-4 is-layout-flex wp-block-gallery-is-layout-flex\"><\/figure>\n\n\n\n<figure class=\"wp-block-gallery has-nested-images columns-default is-cropped wp-block-gallery-5 is-layout-flex wp-block-gallery-is-layout-flex\"><\/figure>\n\n\n\n<figure class=\"wp-block-gallery has-nested-images columns-default is-cropped wp-block-gallery-6 is-layout-flex wp-block-gallery-is-layout-flex\"><\/figure>\n\n\n\n<figure class=\"wp-block-gallery has-nested-images columns-default is-cropped wp-block-gallery-7 is-layout-flex wp-block-gallery-is-layout-flex\"><\/figure>\n\n\n\n\n\n<p>Thema: Vogeltraumwelten<\/p>\n\n\n\n<figure class=\"wp-block-gallery has-nested-images columns-default is-cropped wp-block-gallery-8 is-layout-flex wp-block-gallery-is-layout-flex\">\n<figure class=\"wp-block-image size-large\"><img loading=\"lazy\" decoding=\"async\" width=\"1024\" height=\"752\" data-id=\"9832\" src=\"https:\/\/125-oberschule.de\/wp-content\/uploads\/2026\/03\/1000411774-1-1024x752.jpg\" alt=\"Kleine K\u00fcnstler ganz gro\u00df\" class=\"wp-image-9832\" srcset=\"https:\/\/125-oberschule.de\/wp-content\/uploads\/2026\/03\/1000411774-1-1024x752.jpg 1024w, https:\/\/125-oberschule.de\/wp-content\/uploads\/2026\/03\/1000411774-1-1536x1127.jpg 1536w, https:\/\/125-oberschule.de\/wp-content\/uploads\/2026\/03\/1000411774-1-300x220.jpg 300w, https:\/\/125-oberschule.de\/wp-content\/uploads\/2026\/03\/1000411774-1-768x564.jpg 768w, https:\/\/125-oberschule.de\/wp-content\/uploads\/2026\/03\/1000411774-1.jpg 1560w\" sizes=\"auto, (max-width: 706px) 89vw, (max-width: 767px) 82vw, 740px\" \/><\/figure>\n\n\n\n<figure class=\"wp-block-image size-large\"><img loading=\"lazy\" decoding=\"async\" width=\"1024\" height=\"698\" data-id=\"9833\" src=\"https:\/\/125-oberschule.de\/wp-content\/uploads\/2026\/03\/1000411779-1024x698.jpg\" alt=\"Kleine K\u00fcnstler ganz gro\u00df\" class=\"wp-image-9833\" srcset=\"https:\/\/125-oberschule.de\/wp-content\/uploads\/2026\/03\/1000411779-1024x698.jpg 1024w, https:\/\/125-oberschule.de\/wp-content\/uploads\/2026\/03\/1000411779-300x205.jpg 300w, https:\/\/125-oberschule.de\/wp-content\/uploads\/2026\/03\/1000411779-768x524.jpg 768w, https:\/\/125-oberschule.de\/wp-content\/uploads\/2026\/03\/1000411779.jpg 1069w\" sizes=\"auto, (max-width: 706px) 89vw, (max-width: 767px) 82vw, 740px\" \/><\/figure>\n\n\n\n<figure class=\"wp-block-image size-large\"><img loading=\"lazy\" decoding=\"async\" width=\"1024\" height=\"728\" data-id=\"9865\" src=\"https:\/\/125-oberschule.de\/wp-content\/uploads\/2026\/05\/IMG_6686-1024x728.jpeg\" alt=\"Kleine K\u00fcnstler ganz gro\u00df\" class=\"wp-image-9865\" srcset=\"https:\/\/125-oberschule.de\/wp-content\/uploads\/2026\/05\/IMG_6686-1024x728.jpeg 1024w, https:\/\/125-oberschule.de\/wp-content\/uploads\/2026\/05\/IMG_6686-1536x1092.jpeg 1536w, https:\/\/125-oberschule.de\/wp-content\/uploads\/2026\/05\/IMG_6686-300x213.jpeg 300w, https:\/\/125-oberschule.de\/wp-content\/uploads\/2026\/05\/IMG_6686-768x546.jpeg 768w, https:\/\/125-oberschule.de\/wp-content\/uploads\/2026\/05\/IMG_6686.jpeg 1743w\" sizes=\"auto, (max-width: 706px) 89vw, (max-width: 767px) 82vw, 740px\" \/><\/figure>\n<\/figure>\n\n\n\n<p><\/p>\n\n\n\n<p>Thema: Grafisches Arbeiten <\/p>\n\n\n\n<figure class=\"wp-block-gallery has-nested-images columns-default is-cropped wp-block-gallery-9 is-layout-flex wp-block-gallery-is-layout-flex\">\n<figure class=\"wp-block-image size-large\"><img loading=\"lazy\" decoding=\"async\" width=\"768\" height=\"1024\" data-id=\"9785\" src=\"https:\/\/125-oberschule.de\/wp-content\/uploads\/2026\/01\/1000392959-1-768x1024.jpg\" alt=\"Kleine K\u00fcnstler ganz gro\u00df\" class=\"wp-image-9785\" srcset=\"https:\/\/125-oberschule.de\/wp-content\/uploads\/2026\/01\/1000392959-1-768x1024.jpg 768w, https:\/\/125-oberschule.de\/wp-content\/uploads\/2026\/01\/1000392959-1-1152x1536.jpg 1152w, https:\/\/125-oberschule.de\/wp-content\/uploads\/2026\/01\/1000392959-1-225x300.jpg 225w, https:\/\/125-oberschule.de\/wp-content\/uploads\/2026\/01\/1000392959-1.jpg 1200w\" sizes=\"auto, (max-width: 706px) 89vw, (max-width: 767px) 82vw, 740px\" \/><\/figure>\n\n\n\n<figure class=\"wp-block-image size-large\"><img loading=\"lazy\" decoding=\"async\" width=\"768\" height=\"1024\" data-id=\"9783\" src=\"https:\/\/125-oberschule.de\/wp-content\/uploads\/2026\/01\/1000392965-768x1024.jpg\" alt=\"Kleine K\u00fcnstler ganz gro\u00df\" class=\"wp-image-9783\" srcset=\"https:\/\/125-oberschule.de\/wp-content\/uploads\/2026\/01\/1000392965-768x1024.jpg 768w, https:\/\/125-oberschule.de\/wp-content\/uploads\/2026\/01\/1000392965-1152x1536.jpg 1152w, https:\/\/125-oberschule.de\/wp-content\/uploads\/2026\/01\/1000392965-225x300.jpg 225w, https:\/\/125-oberschule.de\/wp-content\/uploads\/2026\/01\/1000392965.jpg 1200w\" sizes=\"auto, (max-width: 706px) 89vw, (max-width: 767px) 82vw, 740px\" \/><\/figure>\n<\/figure>\n\n\n\n<p>Thema: Auge<\/p>\n\n\n\n<figure class=\"wp-block-gallery has-nested-images columns-default is-cropped wp-block-gallery-10 is-layout-flex wp-block-gallery-is-layout-flex\">\n<figure class=\"wp-block-image size-large\"><img loading=\"lazy\" decoding=\"async\" width=\"1024\" height=\"732\" data-id=\"9590\" src=\"https:\/\/125-oberschule.de\/wp-content\/uploads\/2025\/11\/1000368583-2-1024x732.jpg\" alt=\"Kleine K\u00fcnstler ganz gro\u00df\" class=\"wp-image-9590\" srcset=\"https:\/\/125-oberschule.de\/wp-content\/uploads\/2025\/11\/1000368583-2-1024x732.jpg 1024w, https:\/\/125-oberschule.de\/wp-content\/uploads\/2025\/11\/1000368583-2-1536x1097.jpg 1536w, https:\/\/125-oberschule.de\/wp-content\/uploads\/2025\/11\/1000368583-2-300x214.jpg 300w, https:\/\/125-oberschule.de\/wp-content\/uploads\/2025\/11\/1000368583-2-768x549.jpg 768w, https:\/\/125-oberschule.de\/wp-content\/uploads\/2025\/11\/1000368583-2.jpg 1705w\" sizes=\"auto, (max-width: 706px) 89vw, (max-width: 767px) 82vw, 740px\" \/><\/figure>\n\n\n\n<figure class=\"wp-block-image size-large\"><img loading=\"lazy\" decoding=\"async\" width=\"1024\" height=\"903\" data-id=\"9591\" src=\"https:\/\/125-oberschule.de\/wp-content\/uploads\/2025\/11\/1000369187-2-1024x903.jpg\" alt=\"Kleine K\u00fcnstler ganz gro\u00df\" class=\"wp-image-9591\" srcset=\"https:\/\/125-oberschule.de\/wp-content\/uploads\/2025\/11\/1000369187-2-1024x903.jpg 1024w, https:\/\/125-oberschule.de\/wp-content\/uploads\/2025\/11\/1000369187-2-300x265.jpg 300w, https:\/\/125-oberschule.de\/wp-content\/uploads\/2025\/11\/1000369187-2-768x678.jpg 768w, https:\/\/125-oberschule.de\/wp-content\/uploads\/2025\/11\/1000369187-2.jpg 1079w\" sizes=\"auto, (max-width: 706px) 89vw, (max-width: 767px) 82vw, 740px\" \/><\/figure>\n\n\n\n<figure class=\"wp-block-image size-large\"><img loading=\"lazy\" decoding=\"async\" width=\"1024\" height=\"722\" data-id=\"9592\" src=\"https:\/\/125-oberschule.de\/wp-content\/uploads\/2025\/11\/1000368625-1-1024x722.jpg\" alt=\"Kleine K\u00fcnstler ganz gro\u00df\" class=\"wp-image-9592\" srcset=\"https:\/\/125-oberschule.de\/wp-content\/uploads\/2025\/11\/1000368625-1-1024x722.jpg 1024w, https:\/\/125-oberschule.de\/wp-content\/uploads\/2025\/11\/1000368625-1-300x212.jpg 300w, https:\/\/125-oberschule.de\/wp-content\/uploads\/2025\/11\/1000368625-1-768x542.jpg 768w, https:\/\/125-oberschule.de\/wp-content\/uploads\/2025\/11\/1000368625-1.jpg 1466w\" sizes=\"auto, (max-width: 706px) 89vw, (max-width: 767px) 82vw, 740px\" \/><\/figure>\n\n\n\n<figure class=\"wp-block-image size-large\"><img loading=\"lazy\" decoding=\"async\" width=\"837\" height=\"609\" data-id=\"9725\" src=\"https:\/\/125-oberschule.de\/wp-content\/uploads\/2025\/12\/IMG-20251210-WA0036.jpg\" alt=\"Kleine K\u00fcnstler ganz gro\u00df\" class=\"wp-image-9725\" srcset=\"https:\/\/125-oberschule.de\/wp-content\/uploads\/2025\/12\/IMG-20251210-WA0036.jpg 837w, https:\/\/125-oberschule.de\/wp-content\/uploads\/2025\/12\/IMG-20251210-WA0036-300x218.jpg 300w, https:\/\/125-oberschule.de\/wp-content\/uploads\/2025\/12\/IMG-20251210-WA0036-768x559.jpg 768w\" sizes=\"auto, (max-width: 706px) 89vw, (max-width: 767px) 82vw, 740px\" \/><\/figure>\n<\/figure>\n\n\n\n<p>Licht und Schatten:<\/p>\n\n\n\n<figure class=\"wp-block-gallery has-nested-images columns-default is-cropped wp-block-gallery-11 is-layout-flex wp-block-gallery-is-layout-flex\">\n<figure class=\"wp-block-image size-large\"><img loading=\"lazy\" decoding=\"async\" width=\"944\" height=\"597\" data-id=\"9727\" src=\"https:\/\/125-oberschule.de\/wp-content\/uploads\/2025\/12\/IMG-20251210-WA0031.jpg\" alt=\"Kleine K\u00fcnstler ganz gro\u00df\" class=\"wp-image-9727\" srcset=\"https:\/\/125-oberschule.de\/wp-content\/uploads\/2025\/12\/IMG-20251210-WA0031.jpg 944w, https:\/\/125-oberschule.de\/wp-content\/uploads\/2025\/12\/IMG-20251210-WA0031-300x190.jpg 300w, https:\/\/125-oberschule.de\/wp-content\/uploads\/2025\/12\/IMG-20251210-WA0031-768x486.jpg 768w\" sizes=\"auto, (max-width: 706px) 89vw, (max-width: 767px) 82vw, 740px\" \/><\/figure>\n\n\n\n<figure class=\"wp-block-image size-large\"><img loading=\"lazy\" decoding=\"async\" width=\"772\" height=\"1015\" data-id=\"9728\" src=\"https:\/\/125-oberschule.de\/wp-content\/uploads\/2025\/12\/IMG-20251210-WA0034.jpg\" alt=\"Kleine K\u00fcnstler ganz gro\u00df\" class=\"wp-image-9728\" srcset=\"https:\/\/125-oberschule.de\/wp-content\/uploads\/2025\/12\/IMG-20251210-WA0034.jpg 772w, https:\/\/125-oberschule.de\/wp-content\/uploads\/2025\/12\/IMG-20251210-WA0034-228x300.jpg 228w, https:\/\/125-oberschule.de\/wp-content\/uploads\/2025\/12\/IMG-20251210-WA0034-768x1010.jpg 768w\" sizes=\"auto, (max-width: 706px) 89vw, (max-width: 767px) 82vw, 740px\" \/><\/figure>\n\n\n\n<figure class=\"wp-block-image size-large\"><img loading=\"lazy\" decoding=\"async\" width=\"828\" height=\"582\" data-id=\"9729\" src=\"https:\/\/125-oberschule.de\/wp-content\/uploads\/2025\/12\/Screenshot_20251210_200141_Gallery.jpg\" alt=\"Kleine K\u00fcnstler ganz gro\u00df\" class=\"wp-image-9729\" srcset=\"https:\/\/125-oberschule.de\/wp-content\/uploads\/2025\/12\/Screenshot_20251210_200141_Gallery.jpg 828w, https:\/\/125-oberschule.de\/wp-content\/uploads\/2025\/12\/Screenshot_20251210_200141_Gallery-300x211.jpg 300w, https:\/\/125-oberschule.de\/wp-content\/uploads\/2025\/12\/Screenshot_20251210_200141_Gallery-768x540.jpg 768w\" sizes=\"auto, (max-width: 706px) 89vw, (max-width: 767px) 82vw, 740px\" \/><\/figure>\n<\/figure>\n\n\n\n<p><\/p>\n","protected":false},"excerpt":{"rendered":"<p>Die ersten Kunstwerke aus unserem Zertifikatskurs f\u00fcr k\u00fcnstlerisch begabte Sch\u00fcler sind fertig und lassen einen nur staunen. Thema: Portr\u00e4t Thema: Vogeltraumwelten Thema: Grafisches Arbeiten Thema: Auge Licht und Schatten:<\/p>\n","protected":false},"author":1,"featured_media":0,"parent":0,"menu_order":0,"comment_status":"closed","ping_status":"closed","template":"","meta":{"_eb_attr":"","om_disable_all_campaigns":false,"footnotes":""},"class_list":["post-9582","page","type-page","status-publish","hentry"],"_links":{"self":[{"href":"https:\/\/125-oberschule.de\/index.php?rest_route=\/wp\/v2\/pages\/9582","targetHints":{"allow":["GET"]}}],"collection":[{"href":"https:\/\/125-oberschule.de\/index.php?rest_route=\/wp\/v2\/pages"}],"about":[{"href":"https:\/\/125-oberschule.de\/index.php?rest_route=\/wp\/v2\/types\/page"}],"author":[{"embeddable":true,"href":"https:\/\/125-oberschule.de\/index.php?rest_route=\/wp\/v2\/users\/1"}],"replies":[{"embeddable":true,"href":"https:\/\/125-oberschule.de\/index.php?rest_route=%2Fwp%2Fv2%2Fcomments&post=9582"}],"version-history":[{"count":9,"href":"https:\/\/125-oberschule.de\/index.php?rest_route=\/wp\/v2\/pages\/9582\/revisions"}],"predecessor-version":[{"id":9872,"href":"https:\/\/125-oberschule.de\/index.php?rest_route=\/wp\/v2\/pages\/9582\/revisions\/9872"}],"wp:attachment":[{"href":"https:\/\/125-oberschule.de\/index.php?rest_route=%2Fwp%2Fv2%2Fmedia&parent=9582"}],"curies":[{"name":"wp","href":"https:\/\/api.w.org\/{rel}","templated":true}]}}